{"id":6,"date":"2016-05-25T14:43:12","date_gmt":"2016-05-25T13:43:12","guid":{"rendered":"https:\/\/cftc-eram.fr\/?page_id=6"},"modified":"2018-07-09T15:26:59","modified_gmt":"2018-07-09T14:26:59","slug":"la-cftc","status":"publish","type":"page","link":"https:\/\/www.cftc-eram.fr\/index.php\/la-cftc\/","title":{"rendered":"La CFTC"},"content":{"rendered":"<h2>Un syndicalisme diff\u00e9rent<\/h2>\n<p>Fid\u00e8le aux valeurs qu\u2019elle d\u00e9fend, la CFTC pr\u00f4ne la diversit\u00e9 et le respect des diff\u00e9rences. Nourrissant un profond attachement \u00e0 la personne et aux valeurs humaines, notre syndicat veille tout particuli\u00e8rement \u00e0 ce que vie professionnelle et vie personnelle s\u2019\u00e9quilibrent.<\/p>\n<p style=\"text-align: center;\"><span style=\"font-size: 14pt;\"><strong>Respect de la personne<\/strong><\/span><\/p>\n<hr \/>\n<h2>Pouvoir s\u2019opposer, toujours proposer !<\/h2>\n<p>La CFTC s\u2019engage dans le dialogue social mais elle peut durcir le ton lorsque les valeurs qu\u2019elle d\u00e9fend sont remises en question ou bafou\u00e9es.<\/p>\n<p style=\"text-align: center;\"><span style=\"font-size: 14pt;\"><strong>Respect des valeurs humaines<\/strong><\/span><\/p>\n<hr \/>\n<h2>Une conscience \u00e9conomique et morale forte<\/h2>\n<p>Am\u00e9liorer les conditions de travail au quotidien est l\u2019objectif que doivent nourrir naturellement vos \u00e9lus. La CFTC s\u2019engage et met tout en \u0153uvre pour garantir de bonnes conditions de travail au sein de l\u2019entreprise.<\/p>\n<p>Notre syndicat ne s\u2019engagera que dans des actions et des projets r\u00e9alistes et r\u00e9alisables.<\/p>\n<p style=\"text-align: center;\"><span style=\"font-size: 14pt;\"><strong>Respect du salari\u00e9<\/strong><\/span><\/p>\n<hr \/>\n<h2>Force de proposition<\/h2>\n<p>Voici une partie des revendications port\u00e9es par le syndicat CFTC :<\/p>\n<ul>\n<li>Veiller au respect des engagements pris par l\u2019employeur,<\/li>\n<li>Garantir la reconnaissance au travail et l\u2019\u00e9volution de carri\u00e8re pour TOUS,<\/li>\n<li>Toujours \u00eatre \u00e0 vos c\u00f4t\u00e9s pour vous \u00e9couter, vous r\u00e9pondre et vous d\u00e9fendre !<\/li>\n<\/ul>\n<p style=\"text-align: center;\"><strong><br \/>\nPOUR VOUS ET AVEC VOUS SYNDICAT CFTC&#8230;<\/strong><\/p>\n","protected":false},"excerpt":{"rendered":"<p>Un syndicalisme diff\u00e9rent Fid\u00e8le aux valeurs qu\u2019elle d\u00e9fend, la CFTC pr\u00f4ne la diversit\u00e9 et le respect des diff\u00e9rences. Nourrissant un profond attachement \u00e0 la personne et aux valeurs humaines, notre syndicat veille tout particuli\u00e8rement \u00e0 ce que vie professionnelle et vie personnelle s\u2019\u00e9quilibrent. Respect de la personne Pouvoir s\u2019opposer, toujours proposer ! La CFTC s\u2019engage &#8230; <a title=\"La CFTC\" class=\"read-more\" href=\"https:\/\/www.cftc-eram.fr\/index.php\/la-cftc\/\" aria-label=\"En savoir plus sur La CFTC\">Lire plus<\/a><\/p>\n","protected":false},"author":1,"featured_media":0,"parent":0,"menu_order":0,"comment_status":"closed","ping_status":"closed","template":"","meta":{"generate_page_header":"","footnotes":""},"class_list":["post-6","page","type-page","status-publish"],"yoast_head":"<!-- This site is optimized with the Yoast SEO plugin v27.4 - https:\/\/yoast.com\/product\/yoast-seo-wordpress\/ -->\n<title>La CFTC - CFTC Eram<\/title>\n<meta name=\"robots\" content=\"index, follow, max-snippet:-1, max-image-preview:large, max-video-preview:-1\" \/>\n<link rel=\"canonical\" href=\"https:\/\/www.cftc-eram.fr\/index.php\/la-cftc\/\" \/>\n<meta property=\"og:locale\" content=\"fr_FR\" \/>\n<meta property=\"og:type\" content=\"article\" \/>\n<meta property=\"og:title\" content=\"La CFTC - CFTC Eram\" \/>\n<meta property=\"og:description\" content=\"Un syndicalisme diff\u00e9rent Fid\u00e8le aux valeurs qu\u2019elle d\u00e9fend, la CFTC pr\u00f4ne la diversit\u00e9 et le respect des diff\u00e9rences. Nourrissant un profond attachement \u00e0 la personne et aux valeurs humaines, notre syndicat veille tout particuli\u00e8rement \u00e0 ce que vie professionnelle et vie personnelle s\u2019\u00e9quilibrent. Respect de la personne Pouvoir s\u2019opposer, toujours proposer ! La CFTC s\u2019engage ... Lire plus\" \/>\n<meta property=\"og:url\" content=\"https:\/\/www.cftc-eram.fr\/index.php\/la-cftc\/\" \/>\n<meta property=\"og:site_name\" content=\"CFTC Eram\" \/>\n<meta property=\"article:modified_time\" content=\"2018-07-09T14:26:59+00:00\" \/>\n<meta name=\"twitter:card\" content=\"summary_large_image\" \/>\n<meta name=\"twitter:label1\" content=\"Dur\u00e9e de lecture estim\u00e9e\" \/>\n\t<meta name=\"twitter:data1\" content=\"1 minute\" \/>\n<script type=\"application\/ld+json\" class=\"yoast-schema-graph\">{\"@context\":\"https:\\\/\\\/schema.org\",\"@graph\":[{\"@type\":\"WebPage\",\"@id\":\"https:\\\/\\\/www.cftc-eram.fr\\\/index.php\\\/la-cftc\\\/\",\"url\":\"https:\\\/\\\/www.cftc-eram.fr\\\/index.php\\\/la-cftc\\\/\",\"name\":\"La CFTC - CFTC Eram\",\"isPartOf\":{\"@id\":\"https:\\\/\\\/www.cftc-eram.fr\\\/#website\"},\"datePublished\":\"2016-05-25T13:43:12+00:00\",\"dateModified\":\"2018-07-09T14:26:59+00:00\",\"breadcrumb\":{\"@id\":\"https:\\\/\\\/www.cftc-eram.fr\\\/index.php\\\/la-cftc\\\/#breadcrumb\"},\"inLanguage\":\"fr-FR\",\"potentialAction\":[{\"@type\":\"ReadAction\",\"target\":[\"https:\\\/\\\/www.cftc-eram.fr\\\/index.php\\\/la-cftc\\\/\"]}]},{\"@type\":\"BreadcrumbList\",\"@id\":\"https:\\\/\\\/www.cftc-eram.fr\\\/index.php\\\/la-cftc\\\/#breadcrumb\",\"itemListElement\":[{\"@type\":\"ListItem\",\"position\":1,\"name\":\"Accueil\",\"item\":\"https:\\\/\\\/www.cftc-eram.fr\\\/\"},{\"@type\":\"ListItem\",\"position\":2,\"name\":\"La CFTC\"}]},{\"@type\":\"WebSite\",\"@id\":\"https:\\\/\\\/www.cftc-eram.fr\\\/#website\",\"url\":\"https:\\\/\\\/www.cftc-eram.fr\\\/\",\"name\":\"CFTC Eram\",\"description\":\"Le site de la section syndicale CFTC chez Eram\",\"publisher\":{\"@id\":\"https:\\\/\\\/www.cftc-eram.fr\\\/#organization\"},\"potentialAction\":[{\"@type\":\"SearchAction\",\"target\":{\"@type\":\"EntryPoint\",\"urlTemplate\":\"https:\\\/\\\/www.cftc-eram.fr\\\/?s={search_term_string}\"},\"query-input\":{\"@type\":\"PropertyValueSpecification\",\"valueRequired\":true,\"valueName\":\"search_term_string\"}}],\"inLanguage\":\"fr-FR\"},{\"@type\":\"Organization\",\"@id\":\"https:\\\/\\\/www.cftc-eram.fr\\\/#organization\",\"name\":\"CFTC Eram\",\"url\":\"https:\\\/\\\/www.cftc-eram.fr\\\/\",\"logo\":{\"@type\":\"ImageObject\",\"inLanguage\":\"fr-FR\",\"@id\":\"https:\\\/\\\/www.cftc-eram.fr\\\/#\\\/schema\\\/logo\\\/image\\\/\",\"url\":\"https:\\\/\\\/i0.wp.com\\\/www.cftc-eram.fr\\\/wp-content\\\/uploads\\\/2018\\\/07\\\/cropped-Bloc-logo-eram-2018-1.png?fit=900%2C228&ssl=1\",\"contentUrl\":\"https:\\\/\\\/i0.wp.com\\\/www.cftc-eram.fr\\\/wp-content\\\/uploads\\\/2018\\\/07\\\/cropped-Bloc-logo-eram-2018-1.png?fit=900%2C228&ssl=1\",\"width\":900,\"height\":228,\"caption\":\"CFTC Eram\"},\"image\":{\"@id\":\"https:\\\/\\\/www.cftc-eram.fr\\\/#\\\/schema\\\/logo\\\/image\\\/\"}}]}<\/script>\n<!-- \/ Yoast SEO plugin. -->","yoast_head_json":{"title":"La CFTC - CFTC Eram","robots":{"index":"index","follow":"follow","max-snippet":"max-snippet:-1","max-image-preview":"max-image-preview:large","max-video-preview":"max-video-preview:-1"},"canonical":"https:\/\/www.cftc-eram.fr\/index.php\/la-cftc\/","og_locale":"fr_FR","og_type":"article","og_title":"La CFTC - CFTC Eram","og_description":"Un syndicalisme diff\u00e9rent Fid\u00e8le aux valeurs qu\u2019elle d\u00e9fend, la CFTC pr\u00f4ne la diversit\u00e9 et le respect des diff\u00e9rences. Nourrissant un profond attachement \u00e0 la personne et aux valeurs humaines, notre syndicat veille tout particuli\u00e8rement \u00e0 ce que vie professionnelle et vie personnelle s\u2019\u00e9quilibrent. Respect de la personne Pouvoir s\u2019opposer, toujours proposer ! La CFTC s\u2019engage ... Lire plus","og_url":"https:\/\/www.cftc-eram.fr\/index.php\/la-cftc\/","og_site_name":"CFTC Eram","article_modified_time":"2018-07-09T14:26:59+00:00","twitter_card":"summary_large_image","twitter_misc":{"Dur\u00e9e de lecture estim\u00e9e":"1 minute"},"schema":{"@context":"https:\/\/schema.org","@graph":[{"@type":"WebPage","@id":"https:\/\/www.cftc-eram.fr\/index.php\/la-cftc\/","url":"https:\/\/www.cftc-eram.fr\/index.php\/la-cftc\/","name":"La CFTC - CFTC Eram","isPartOf":{"@id":"https:\/\/www.cftc-eram.fr\/#website"},"datePublished":"2016-05-25T13:43:12+00:00","dateModified":"2018-07-09T14:26:59+00:00","breadcrumb":{"@id":"https:\/\/www.cftc-eram.fr\/index.php\/la-cftc\/#breadcrumb"},"inLanguage":"fr-FR","potentialAction":[{"@type":"ReadAction","target":["https:\/\/www.cftc-eram.fr\/index.php\/la-cftc\/"]}]},{"@type":"BreadcrumbList","@id":"https:\/\/www.cftc-eram.fr\/index.php\/la-cftc\/#breadcrumb","itemListElement":[{"@type":"ListItem","position":1,"name":"Accueil","item":"https:\/\/www.cftc-eram.fr\/"},{"@type":"ListItem","position":2,"name":"La CFTC"}]},{"@type":"WebSite","@id":"https:\/\/www.cftc-eram.fr\/#website","url":"https:\/\/www.cftc-eram.fr\/","name":"CFTC Eram","description":"Le site de la section syndicale CFTC chez Eram","publisher":{"@id":"https:\/\/www.cftc-eram.fr\/#organization"},"potentialAction":[{"@type":"SearchAction","target":{"@type":"EntryPoint","urlTemplate":"https:\/\/www.cftc-eram.fr\/?s={search_term_string}"},"query-input":{"@type":"PropertyValueSpecification","valueRequired":true,"valueName":"search_term_string"}}],"inLanguage":"fr-FR"},{"@type":"Organization","@id":"https:\/\/www.cftc-eram.fr\/#organization","name":"CFTC Eram","url":"https:\/\/www.cftc-eram.fr\/","logo":{"@type":"ImageObject","inLanguage":"fr-FR","@id":"https:\/\/www.cftc-eram.fr\/#\/schema\/logo\/image\/","url":"https:\/\/i0.wp.com\/www.cftc-eram.fr\/wp-content\/uploads\/2018\/07\/cropped-Bloc-logo-eram-2018-1.png?fit=900%2C228&ssl=1","contentUrl":"https:\/\/i0.wp.com\/www.cftc-eram.fr\/wp-content\/uploads\/2018\/07\/cropped-Bloc-logo-eram-2018-1.png?fit=900%2C228&ssl=1","width":900,"height":228,"caption":"CFTC Eram"},"image":{"@id":"https:\/\/www.cftc-eram.fr\/#\/schema\/logo\/image\/"}}]}},"jetpack_sharing_enabled":true,"jetpack_shortlink":"https:\/\/wp.me\/Pa5NUa-6","jetpack-related-posts":[],"_links":{"self":[{"href":"https:\/\/www.cftc-eram.fr\/index.php\/wp-json\/wp\/v2\/pages\/6","targetHints":{"allow":["GET"]}}],"collection":[{"href":"https:\/\/www.cftc-eram.fr\/index.php\/wp-json\/wp\/v2\/pages"}],"about":[{"href":"https:\/\/www.cftc-eram.fr\/index.php\/wp-json\/wp\/v2\/types\/page"}],"author":[{"embeddable":true,"href":"https:\/\/www.cftc-eram.fr\/index.php\/wp-json\/wp\/v2\/users\/1"}],"replies":[{"embeddable":true,"href":"https:\/\/www.cftc-eram.fr\/index.php\/wp-json\/wp\/v2\/comments?post=6"}],"version-history":[{"count":5,"href":"https:\/\/www.cftc-eram.fr\/index.php\/wp-json\/wp\/v2\/pages\/6\/revisions"}],"predecessor-version":[{"id":178,"href":"https:\/\/www.cftc-eram.fr\/index.php\/wp-json\/wp\/v2\/pages\/6\/revisions\/178"}],"wp:attachment":[{"href":"https:\/\/www.cftc-eram.fr\/index.php\/wp-json\/wp\/v2\/media?parent=6"}],"curies":[{"name":"wp","href":"https:\/\/api.w.org\/{rel}","templated":true}]}}