{"id":365,"date":"2018-07-23T10:00:58","date_gmt":"2018-07-23T09:00:58","guid":{"rendered":"https:\/\/www.cftc-eram.fr\/?page_id=365"},"modified":"2025-08-27T09:44:20","modified_gmt":"2025-08-27T08:44:20","slug":"bon-a-savoir","status":"publish","type":"page","link":"https:\/\/www.cftc-eram.fr\/index.php\/bon-a-savoir\/","title":{"rendered":"Bon \u00e0 savoir"},"content":{"rendered":"<p>Dans cette rubrique, vous trouverez les diff\u00e9rents accords sign\u00e9s par vos repr\u00e9sentants et qui r\u00e9gissent la vie au au sein de l&rsquo;entreprise.<\/p>\n\n<!-- G\u00e9n\u00e9ration r\u00e9alis\u00e9e avec Document Gallery. Obtenez votre version ici :http:\/\/wordpress.org\/extend\/plugins\/document-gallery -->\n<div id=\"document-gallery-1\" class=\"document-gallery\" data-shortcode='{\"id\":365,\"include\":\"465,474,471,498,448,473,450,457,456,461,464,472,460,505,504,503,501,500,499,526,527,528\",\"exclude\":\"\",\"columns\":4,\"fancy\":true,\"order\":\"ASC\",\"orderby\":\"post__in\",\"relation\":\"AND\",\"limit\":-1,\"mime_types\":\"application,video,text,audio,image\",\"new_window\":true,\"paginate\":true,\"post_status\":\"any\",\"post_type\":\"attachment\",\"attachment_pg\":false,\"descriptions\":false,\"skip\":0}' style='--dg-icon-width: 24%'>\n<div class='document-icon-row'>\n   <div class=\"document-icon\">\n      <a href=\"https:\/\/www.cftc-eram.fr\/wp-content\/uploads\/2020\/09\/conges-payes.pdf\" target=\"_blank\">\n         <img data-recalc-dims=\"1\" decoding=\"async\" src=\"https:\/\/i0.wp.com\/www.cftc-eram.fr\/wp-content\/uploads\/2020\/09\/conges-payes-thumb.png?w=1200&#038;ssl=1\" title=\"Cong\u00e9s pay\u00e9s\" alt=\"Cong\u00e9s pay\u00e9s\" data-ext=\"pdf\"\/>\n         <span class=\"title\">Cong\u00e9s pay\u00e9s<\/span>\n      <\/a>\n   <\/div>\n   <div class=\"document-icon\">\n      <a href=\"https:\/\/www.cftc-eram.fr\/wp-content\/uploads\/2021\/09\/conges-maternite.pdf\" target=\"_blank\">\n         <img data-recalc-dims=\"1\" decoding=\"async\" src=\"https:\/\/i0.wp.com\/www.cftc-eram.fr\/wp-content\/uploads\/2021\/09\/conges-maternite-thumb.png?w=1200&#038;ssl=1\" title=\"Cong\u00e9 maternit\u00e9\" alt=\"Cong\u00e9 maternit\u00e9\" data-ext=\"pdf\"\/>\n         <span class=\"title\">Cong\u00e9 maternit\u00e9<\/span>\n      <\/a>\n   <\/div>\n   <div class=\"document-icon\">\n      <a href=\"https:\/\/www.cftc-eram.fr\/wp-content\/uploads\/2021\/09\/conges-paternite.pdf\" target=\"_blank\">\n         <img data-recalc-dims=\"1\" decoding=\"async\" src=\"https:\/\/i0.wp.com\/www.cftc-eram.fr\/wp-content\/uploads\/2021\/09\/conges-paternite-thumb.png?w=1200&#038;ssl=1\" title=\"Cong\u00e9 paternit\u00e9\" alt=\"Cong\u00e9 paternit\u00e9\" data-ext=\"pdf\"\/>\n         <span class=\"title\">Cong\u00e9 paternit\u00e9<\/span>\n      <\/a>\n   <\/div>\n   <div class=\"document-icon\">\n      <a href=\"https:\/\/www.cftc-eram.fr\/wp-content\/uploads\/2023\/08\/conge-adoption-2023.pdf\" target=\"_blank\">\n         <img data-recalc-dims=\"1\" decoding=\"async\" src=\"https:\/\/i0.wp.com\/www.cftc-eram.fr\/wp-content\/uploads\/2023\/08\/conge-adoption-2023-thumb.png?w=1200&#038;ssl=1\" title=\"Cong\u00e9 d&rsquo;adoption\" alt=\"Cong\u00e9 d&rsquo;adoption\" data-ext=\"pdf\"\/>\n         <span class=\"title\">Cong\u00e9 d&rsquo;adoption<\/span>\n      <\/a>\n   <\/div>\n\n<\/div>\n<div class='document-icon-row'>\n   <div class=\"document-icon\">\n      <a href=\"https:\/\/www.cftc-eram.fr\/wp-content\/uploads\/2020\/09\/conge-parental-education.pdf\" target=\"_blank\">\n         <img data-recalc-dims=\"1\" decoding=\"async\" src=\"https:\/\/i0.wp.com\/www.cftc-eram.fr\/wp-content\/uploads\/2020\/09\/conge-parental-education-thumb.png?w=1200&#038;ssl=1\" title=\"Cong\u00e9 parental d&rsquo;\u00e9ducation\" alt=\"Cong\u00e9 parental d&rsquo;\u00e9ducation\" data-ext=\"pdf\"\/>\n         <span class=\"title\">Cong\u00e9 parental d&rsquo;\u00e9ducation<\/span>\n      <\/a>\n   <\/div>\n   <div class=\"document-icon\">\n      <a href=\"https:\/\/www.cftc-eram.fr\/wp-content\/uploads\/2021\/09\/conges-speciaux.pdf\" target=\"_blank\">\n         <img data-recalc-dims=\"1\" decoding=\"async\" src=\"https:\/\/i0.wp.com\/www.cftc-eram.fr\/wp-content\/uploads\/2021\/09\/conges-speciaux-thumb.png?w=1200&#038;ssl=1\" title=\"Cong\u00e9s sp\u00e9ciaux\" alt=\"Cong\u00e9s sp\u00e9ciaux\" data-ext=\"pdf\"\/>\n         <span class=\"title\">Cong\u00e9s sp\u00e9ciaux<\/span>\n      <\/a>\n   <\/div>\n   <div class=\"document-icon\">\n      <a href=\"https:\/\/www.cftc-eram.fr\/wp-content\/uploads\/2020\/09\/enfant-malade.pdf\" target=\"_blank\">\n         <img data-recalc-dims=\"1\" decoding=\"async\" src=\"https:\/\/i0.wp.com\/www.cftc-eram.fr\/wp-content\/uploads\/2020\/09\/enfant-malade-thumb.png?w=1200&#038;ssl=1\" title=\"Enfant malade\" alt=\"Enfant malade\" data-ext=\"pdf\"\/>\n         <span class=\"title\">Enfant malade<\/span>\n      <\/a>\n   <\/div>\n   <div class=\"document-icon\">\n      <a href=\"https:\/\/www.cftc-eram.fr\/wp-content\/uploads\/2020\/09\/organisation-temps-de-travail.pdf\" target=\"_blank\">\n         <img data-recalc-dims=\"1\" decoding=\"async\" src=\"https:\/\/i0.wp.com\/www.cftc-eram.fr\/wp-content\/uploads\/2020\/09\/organisation-temps-de-travail-thumb.png?w=1200&#038;ssl=1\" title=\"Organisation du temps de travail\" alt=\"Organisation du temps de travail\" data-ext=\"pdf\"\/>\n         <span class=\"title\">Organisation du temps de travail<\/span>\n      <\/a>\n   <\/div>\n\n<\/div>\n<div class='document-icon-row'>\n   <div class=\"document-icon\">\n      <a href=\"https:\/\/www.cftc-eram.fr\/wp-content\/uploads\/2020\/09\/mutuelle-2020.pdf\" target=\"_blank\">\n         <img data-recalc-dims=\"1\" decoding=\"async\" src=\"https:\/\/i0.wp.com\/www.cftc-eram.fr\/wp-content\/uploads\/2020\/09\/mutuelle-2020-thumb.png?w=1200&#038;ssl=1\" title=\"Mutuelle\" alt=\"Mutuelle\" data-ext=\"pdf\"\/>\n         <span class=\"title\">Mutuelle<\/span>\n      <\/a>\n   <\/div>\n   <div class=\"document-icon\">\n      <a href=\"https:\/\/www.cftc-eram.fr\/wp-content\/uploads\/2020\/09\/tickets-cesu.pdf\" target=\"_blank\">\n         <img data-recalc-dims=\"1\" decoding=\"async\" src=\"https:\/\/i0.wp.com\/www.cftc-eram.fr\/wp-content\/uploads\/2020\/09\/tickets-cesu-thumb.png?w=1200&#038;ssl=1\" title=\"Tickets CESU\" alt=\"Tickets CESU\" data-ext=\"pdf\"\/>\n         <span class=\"title\">Tickets CESU<\/span>\n      <\/a>\n   <\/div>\n   <div class=\"document-icon\">\n      <a href=\"https:\/\/www.cftc-eram.fr\/wp-content\/uploads\/2020\/09\/prevoyance-2020.pdf\" target=\"_blank\">\n         <img data-recalc-dims=\"1\" decoding=\"async\" src=\"https:\/\/i0.wp.com\/www.cftc-eram.fr\/wp-content\/uploads\/2020\/09\/prevoyance-2020-thumb.png?w=1200&#038;ssl=1\" title=\"Pr\u00e9voyance\" alt=\"Pr\u00e9voyance\" data-ext=\"pdf\"\/>\n         <span class=\"title\">Pr\u00e9voyance<\/span>\n      <\/a>\n   <\/div>\n   <div class=\"document-icon\">\n      <a href=\"https:\/\/www.cftc-eram.fr\/wp-content\/uploads\/2021\/09\/indemnite-licenciement-economique.pdf\" target=\"_blank\">\n         <img data-recalc-dims=\"1\" decoding=\"async\" src=\"https:\/\/i0.wp.com\/www.cftc-eram.fr\/wp-content\/uploads\/2021\/09\/indemnite-licenciement-economique-thumb.png?w=1200&#038;ssl=1\" title=\"Indemnit\u00e9s licenciement \u00e9conomique\" alt=\"Indemnit\u00e9s licenciement \u00e9conomique\" data-ext=\"pdf\"\/>\n         <span class=\"title\">Indemnit\u00e9s licenciement \u00e9conomique<\/span>\n      <\/a>\n   <\/div>\n\n<\/div>\n<div class='document-icon-row'>\n   <div class=\"document-icon\">\n      <a href=\"https:\/\/www.cftc-eram.fr\/wp-content\/uploads\/2020\/09\/rentree-scolaire-septembre-2020.pdf\" target=\"_blank\">\n         <img data-recalc-dims=\"1\" decoding=\"async\" src=\"https:\/\/i0.wp.com\/www.cftc-eram.fr\/wp-content\/uploads\/2020\/09\/rentree-scolaire-septembre-2020-thumb.png?w=1200&#038;ssl=1\" title=\"Rentr\u00e9e scolaire\" alt=\"Rentr\u00e9e scolaire\" data-ext=\"pdf\"\/>\n         <span class=\"title\">Rentr\u00e9e scolaire<\/span>\n      <\/a>\n   <\/div>\n   <div class=\"document-icon\">\n      <a href=\"https:\/\/www.cftc-eram.fr\/wp-content\/uploads\/2023\/08\/volontariat-travail-dimanche-2023.pdf\" target=\"_blank\">\n         <img data-recalc-dims=\"1\" decoding=\"async\" src=\"https:\/\/i0.wp.com\/www.cftc-eram.fr\/wp-content\/uploads\/2023\/08\/volontariat-travail-dimanche-2023-thumb.png?w=1200&#038;ssl=1\" title=\"Volontariat &#8211; Travail du Dimanche\" alt=\"Volontariat &#8211; Travail du Dimanche\" data-ext=\"pdf\"\/>\n         <span class=\"title\">Volontariat &#8211; Travail du Dimanche<\/span>\n      <\/a>\n   <\/div>\n   <div class=\"document-icon\">\n      <a href=\"https:\/\/www.cftc-eram.fr\/wp-content\/uploads\/2023\/08\/remuneration-travail-dimanche-2023.pdf\" target=\"_blank\">\n         <img data-recalc-dims=\"1\" decoding=\"async\" src=\"https:\/\/i0.wp.com\/www.cftc-eram.fr\/wp-content\/uploads\/2023\/08\/remuneration-travail-dimanche-2023-thumb.png?w=1200&#038;ssl=1\" title=\"R\u00e9mun\u00e9ration &#8211; Travail du dimanche\" alt=\"R\u00e9mun\u00e9ration &#8211; Travail du dimanche\" data-ext=\"pdf\"\/>\n         <span class=\"title\">R\u00e9mun\u00e9ration &#8211; Travail du dimanche<\/span>\n      <\/a>\n   <\/div>\n   <div class=\"document-icon\">\n      <a href=\"https:\/\/www.cftc-eram.fr\/wp-content\/uploads\/2023\/08\/recherche-emploi-2023.pdf\" target=\"_blank\">\n         <img data-recalc-dims=\"1\" decoding=\"async\" src=\"https:\/\/i0.wp.com\/www.cftc-eram.fr\/wp-content\/uploads\/2023\/08\/recherche-emploi-2023-thumb.png?w=1200&#038;ssl=1\" title=\"Recherche d&#8217;emploi\" alt=\"Recherche d&#8217;emploi\" data-ext=\"pdf\"\/>\n         <span class=\"title\">Recherche d&#8217;emploi<\/span>\n      <\/a>\n   <\/div>\n\n<\/div>\n<div class='document-icon-row'>\n   <div class=\"document-icon\">\n      <a href=\"https:\/\/www.cftc-eram.fr\/wp-content\/uploads\/2023\/08\/jour-repos-hedomadaire-samedi-2023.pdf\" target=\"_blank\">\n         <img data-recalc-dims=\"1\" decoding=\"async\" src=\"https:\/\/i0.wp.com\/www.cftc-eram.fr\/wp-content\/uploads\/2023\/08\/jour-repos-hedomadaire-samedi-2023-thumb.png?w=1200&#038;ssl=1\" title=\"Jour de repos hebdomadaire &#8211; Samedi\" alt=\"Jour de repos hebdomadaire &#8211; Samedi\" data-ext=\"pdf\"\/>\n         <span class=\"title\">Jour de repos hebdomadaire &#8211; Samedi<\/span>\n      <\/a>\n   <\/div>\n   <div class=\"document-icon\">\n      <a href=\"https:\/\/www.cftc-eram.fr\/wp-content\/uploads\/2023\/08\/jour-anciennete-2023.pdf\" target=\"_blank\">\n         <img data-recalc-dims=\"1\" decoding=\"async\" src=\"https:\/\/i0.wp.com\/www.cftc-eram.fr\/wp-content\/uploads\/2023\/08\/jour-anciennete-2023-thumb.png?w=1200&#038;ssl=1\" title=\"Jours d&rsquo;anciennet\u00e9\" alt=\"Jours d&rsquo;anciennet\u00e9\" data-ext=\"pdf\"\/>\n         <span class=\"title\">Jours d&rsquo;anciennet\u00e9<\/span>\n      <\/a>\n   <\/div>\n   <div class=\"document-icon\">\n      <a href=\"https:\/\/www.cftc-eram.fr\/wp-content\/uploads\/2023\/08\/ferie-2023.pdf\" target=\"_blank\">\n         <img data-recalc-dims=\"1\" decoding=\"async\" src=\"https:\/\/i0.wp.com\/www.cftc-eram.fr\/wp-content\/uploads\/2023\/08\/ferie-2023-thumb.png?w=1200&#038;ssl=1\" title=\"Jours feri\u00e9s\" alt=\"Jours feri\u00e9s\" data-ext=\"pdf\"\/>\n         <span class=\"title\">Jours feri\u00e9s<\/span>\n      <\/a>\n   <\/div>\n   <div class=\"document-icon\">\n      <a href=\"https:\/\/www.cftc-eram.fr\/wp-content\/uploads\/2025\/08\/TICKETS-RESTO-2025.pdf\" target=\"_blank\">\n         <img data-recalc-dims=\"1\" decoding=\"async\" src=\"https:\/\/i0.wp.com\/www.cftc-eram.fr\/wp-content\/plugins\/document-gallery\/src\/assets\/icons\/pdf.png?w=1200&#038;ssl=1\" title=\"Tickets restaurant\" alt=\"Tickets restaurant\" data-ext=\"pdf\"\/>\n         <span class=\"title\">Tickets restaurant<\/span>\n      <\/a>\n   <\/div>\n\n<\/div>\n<div class='document-icon-row'>\n   <div class=\"document-icon\">\n      <a href=\"https:\/\/www.cftc-eram.fr\/wp-content\/uploads\/2025\/08\/Prime-de-Noel.pdf\" target=\"_blank\">\n         <img data-recalc-dims=\"1\" decoding=\"async\" src=\"https:\/\/i0.wp.com\/www.cftc-eram.fr\/wp-content\/plugins\/document-gallery\/src\/assets\/icons\/pdf.png?w=1200&#038;ssl=1\" title=\"Prime de No\u00ebl\" alt=\"Prime de No\u00ebl\" data-ext=\"pdf\"\/>\n         <span class=\"title\">Prime de No\u00ebl<\/span>\n      <\/a>\n   <\/div>\n   <div class=\"document-icon\">\n      <a href=\"https:\/\/www.cftc-eram.fr\/wp-content\/uploads\/2025\/08\/Cheques-vacances.pdf\" target=\"_blank\">\n         <img data-recalc-dims=\"1\" decoding=\"async\" src=\"https:\/\/i0.wp.com\/www.cftc-eram.fr\/wp-content\/plugins\/document-gallery\/src\/assets\/icons\/pdf.png?w=1200&#038;ssl=1\" title=\"Ch\u00e8ques vacances\" alt=\"Ch\u00e8ques vacances\" data-ext=\"pdf\"\/>\n         <span class=\"title\">Ch\u00e8ques vacances<\/span>\n      <\/a>\n   <\/div>\n\n<\/div>\n<\/div>\n","protected":false},"excerpt":{"rendered":"<p>Dans cette rubrique, vous trouverez les diff\u00e9rents accords sign\u00e9s par vos repr\u00e9sentants et qui r\u00e9gissent la vie au au sein de l&rsquo;entreprise.<\/p>\n","protected":false},"author":1,"featured_media":0,"parent":0,"menu_order":0,"comment_status":"closed","ping_status":"closed","template":"","meta":{"generate_page_header":"","footnotes":""},"class_list":["post-365","page","type-page","status-publish"],"yoast_head":"<!-- This site is optimized with the Yoast SEO plugin v27.4 - https:\/\/yoast.com\/product\/yoast-seo-wordpress\/ -->\n<title>Bon \u00e0 savoir - CFTC Eram<\/title>\n<meta name=\"robots\" content=\"index, follow, max-snippet:-1, max-image-preview:large, max-video-preview:-1\" \/>\n<link rel=\"canonical\" href=\"https:\/\/www.cftc-eram.fr\/index.php\/bon-a-savoir\/\" \/>\n<meta property=\"og:locale\" content=\"fr_FR\" \/>\n<meta property=\"og:type\" content=\"article\" \/>\n<meta property=\"og:title\" content=\"Bon \u00e0 savoir - CFTC Eram\" \/>\n<meta property=\"og:description\" content=\"Dans cette rubrique, vous trouverez les diff\u00e9rents accords sign\u00e9s par vos repr\u00e9sentants et qui r\u00e9gissent la vie au au sein de l&rsquo;entreprise.\" \/>\n<meta property=\"og:url\" content=\"https:\/\/www.cftc-eram.fr\/index.php\/bon-a-savoir\/\" \/>\n<meta property=\"og:site_name\" content=\"CFTC Eram\" \/>\n<meta property=\"article:modified_time\" content=\"2025-08-27T08:44:20+00:00\" \/>\n<meta name=\"twitter:card\" content=\"summary_large_image\" \/>\n<meta name=\"twitter:label1\" content=\"Dur\u00e9e de lecture estim\u00e9e\" \/>\n\t<meta name=\"twitter:data1\" content=\"1 minute\" \/>\n<script type=\"application\/ld+json\" class=\"yoast-schema-graph\">{\"@context\":\"https:\\\/\\\/schema.org\",\"@graph\":[{\"@type\":\"WebPage\",\"@id\":\"https:\\\/\\\/www.cftc-eram.fr\\\/index.php\\\/bon-a-savoir\\\/\",\"url\":\"https:\\\/\\\/www.cftc-eram.fr\\\/index.php\\\/bon-a-savoir\\\/\",\"name\":\"Bon \u00e0 savoir - CFTC Eram\",\"isPartOf\":{\"@id\":\"https:\\\/\\\/www.cftc-eram.fr\\\/#website\"},\"datePublished\":\"2018-07-23T09:00:58+00:00\",\"dateModified\":\"2025-08-27T08:44:20+00:00\",\"breadcrumb\":{\"@id\":\"https:\\\/\\\/www.cftc-eram.fr\\\/index.php\\\/bon-a-savoir\\\/#breadcrumb\"},\"inLanguage\":\"fr-FR\",\"potentialAction\":[{\"@type\":\"ReadAction\",\"target\":[\"https:\\\/\\\/www.cftc-eram.fr\\\/index.php\\\/bon-a-savoir\\\/\"]}]},{\"@type\":\"BreadcrumbList\",\"@id\":\"https:\\\/\\\/www.cftc-eram.fr\\\/index.php\\\/bon-a-savoir\\\/#breadcrumb\",\"itemListElement\":[{\"@type\":\"ListItem\",\"position\":1,\"name\":\"Accueil\",\"item\":\"https:\\\/\\\/www.cftc-eram.fr\\\/\"},{\"@type\":\"ListItem\",\"position\":2,\"name\":\"Bon \u00e0 savoir\"}]},{\"@type\":\"WebSite\",\"@id\":\"https:\\\/\\\/www.cftc-eram.fr\\\/#website\",\"url\":\"https:\\\/\\\/www.cftc-eram.fr\\\/\",\"name\":\"CFTC Eram\",\"description\":\"Le site de la section syndicale CFTC chez Eram\",\"publisher\":{\"@id\":\"https:\\\/\\\/www.cftc-eram.fr\\\/#organization\"},\"potentialAction\":[{\"@type\":\"SearchAction\",\"target\":{\"@type\":\"EntryPoint\",\"urlTemplate\":\"https:\\\/\\\/www.cftc-eram.fr\\\/?s={search_term_string}\"},\"query-input\":{\"@type\":\"PropertyValueSpecification\",\"valueRequired\":true,\"valueName\":\"search_term_string\"}}],\"inLanguage\":\"fr-FR\"},{\"@type\":\"Organization\",\"@id\":\"https:\\\/\\\/www.cftc-eram.fr\\\/#organization\",\"name\":\"CFTC Eram\",\"url\":\"https:\\\/\\\/www.cftc-eram.fr\\\/\",\"logo\":{\"@type\":\"ImageObject\",\"inLanguage\":\"fr-FR\",\"@id\":\"https:\\\/\\\/www.cftc-eram.fr\\\/#\\\/schema\\\/logo\\\/image\\\/\",\"url\":\"https:\\\/\\\/i0.wp.com\\\/www.cftc-eram.fr\\\/wp-content\\\/uploads\\\/2018\\\/07\\\/cropped-Bloc-logo-eram-2018-1.png?fit=900%2C228&ssl=1\",\"contentUrl\":\"https:\\\/\\\/i0.wp.com\\\/www.cftc-eram.fr\\\/wp-content\\\/uploads\\\/2018\\\/07\\\/cropped-Bloc-logo-eram-2018-1.png?fit=900%2C228&ssl=1\",\"width\":900,\"height\":228,\"caption\":\"CFTC Eram\"},\"image\":{\"@id\":\"https:\\\/\\\/www.cftc-eram.fr\\\/#\\\/schema\\\/logo\\\/image\\\/\"}}]}<\/script>\n<!-- \/ Yoast SEO plugin. -->","yoast_head_json":{"title":"Bon \u00e0 savoir - CFTC Eram","robots":{"index":"index","follow":"follow","max-snippet":"max-snippet:-1","max-image-preview":"max-image-preview:large","max-video-preview":"max-video-preview:-1"},"canonical":"https:\/\/www.cftc-eram.fr\/index.php\/bon-a-savoir\/","og_locale":"fr_FR","og_type":"article","og_title":"Bon \u00e0 savoir - CFTC Eram","og_description":"Dans cette rubrique, vous trouverez les diff\u00e9rents accords sign\u00e9s par vos repr\u00e9sentants et qui r\u00e9gissent la vie au au sein de l&rsquo;entreprise.","og_url":"https:\/\/www.cftc-eram.fr\/index.php\/bon-a-savoir\/","og_site_name":"CFTC Eram","article_modified_time":"2025-08-27T08:44:20+00:00","twitter_card":"summary_large_image","twitter_misc":{"Dur\u00e9e de lecture estim\u00e9e":"1 minute"},"schema":{"@context":"https:\/\/schema.org","@graph":[{"@type":"WebPage","@id":"https:\/\/www.cftc-eram.fr\/index.php\/bon-a-savoir\/","url":"https:\/\/www.cftc-eram.fr\/index.php\/bon-a-savoir\/","name":"Bon \u00e0 savoir - CFTC Eram","isPartOf":{"@id":"https:\/\/www.cftc-eram.fr\/#website"},"datePublished":"2018-07-23T09:00:58+00:00","dateModified":"2025-08-27T08:44:20+00:00","breadcrumb":{"@id":"https:\/\/www.cftc-eram.fr\/index.php\/bon-a-savoir\/#breadcrumb"},"inLanguage":"fr-FR","potentialAction":[{"@type":"ReadAction","target":["https:\/\/www.cftc-eram.fr\/index.php\/bon-a-savoir\/"]}]},{"@type":"BreadcrumbList","@id":"https:\/\/www.cftc-eram.fr\/index.php\/bon-a-savoir\/#breadcrumb","itemListElement":[{"@type":"ListItem","position":1,"name":"Accueil","item":"https:\/\/www.cftc-eram.fr\/"},{"@type":"ListItem","position":2,"name":"Bon \u00e0 savoir"}]},{"@type":"WebSite","@id":"https:\/\/www.cftc-eram.fr\/#website","url":"https:\/\/www.cftc-eram.fr\/","name":"CFTC Eram","description":"Le site de la section syndicale CFTC chez Eram","publisher":{"@id":"https:\/\/www.cftc-eram.fr\/#organization"},"potentialAction":[{"@type":"SearchAction","target":{"@type":"EntryPoint","urlTemplate":"https:\/\/www.cftc-eram.fr\/?s={search_term_string}"},"query-input":{"@type":"PropertyValueSpecification","valueRequired":true,"valueName":"search_term_string"}}],"inLanguage":"fr-FR"},{"@type":"Organization","@id":"https:\/\/www.cftc-eram.fr\/#organization","name":"CFTC Eram","url":"https:\/\/www.cftc-eram.fr\/","logo":{"@type":"ImageObject","inLanguage":"fr-FR","@id":"https:\/\/www.cftc-eram.fr\/#\/schema\/logo\/image\/","url":"https:\/\/i0.wp.com\/www.cftc-eram.fr\/wp-content\/uploads\/2018\/07\/cropped-Bloc-logo-eram-2018-1.png?fit=900%2C228&ssl=1","contentUrl":"https:\/\/i0.wp.com\/www.cftc-eram.fr\/wp-content\/uploads\/2018\/07\/cropped-Bloc-logo-eram-2018-1.png?fit=900%2C228&ssl=1","width":900,"height":228,"caption":"CFTC Eram"},"image":{"@id":"https:\/\/www.cftc-eram.fr\/#\/schema\/logo\/image\/"}}]}},"jetpack_sharing_enabled":true,"jetpack_shortlink":"https:\/\/wp.me\/Pa5NUa-5T","jetpack-related-posts":[],"_links":{"self":[{"href":"https:\/\/www.cftc-eram.fr\/index.php\/wp-json\/wp\/v2\/pages\/365","targetHints":{"allow":["GET"]}}],"collection":[{"href":"https:\/\/www.cftc-eram.fr\/index.php\/wp-json\/wp\/v2\/pages"}],"about":[{"href":"https:\/\/www.cftc-eram.fr\/index.php\/wp-json\/wp\/v2\/types\/page"}],"author":[{"embeddable":true,"href":"https:\/\/www.cftc-eram.fr\/index.php\/wp-json\/wp\/v2\/users\/1"}],"replies":[{"embeddable":true,"href":"https:\/\/www.cftc-eram.fr\/index.php\/wp-json\/wp\/v2\/comments?post=365"}],"version-history":[{"count":15,"href":"https:\/\/www.cftc-eram.fr\/index.php\/wp-json\/wp\/v2\/pages\/365\/revisions"}],"predecessor-version":[{"id":532,"href":"https:\/\/www.cftc-eram.fr\/index.php\/wp-json\/wp\/v2\/pages\/365\/revisions\/532"}],"wp:attachment":[{"href":"https:\/\/www.cftc-eram.fr\/index.php\/wp-json\/wp\/v2\/media?parent=365"}],"curies":[{"name":"wp","href":"https:\/\/api.w.org\/{rel}","templated":true}]}}