{"id":189,"date":"2018-07-11T11:45:00","date_gmt":"2018-07-11T10:45:00","guid":{"rendered":"https:\/\/www.cftc-eram.fr\/?page_id=189"},"modified":"2020-09-09T11:19:54","modified_gmt":"2020-09-09T10:19:54","slug":"mentions-legales","status":"publish","type":"page","link":"https:\/\/www.cftc-eram.fr\/index.php\/mentions-legales\/","title":{"rendered":"Mentions l\u00e9gales"},"content":{"rendered":"<h2>\u00c9diteur du site, conception et r\u00e9alisation<\/h2>\n<p>F\u00e9d\u00e9ration CFTC-CSFV<br \/>\n34 quai de la Loire, 75019 Paris<br \/>\nTel : 01 46 07 91 39<br \/>\nMail : <a href=\"mailto:contact@csfv.fr\">contact@csfv.fr<\/a><br \/>\nResponsable de la r\u00e9daction : Service communication<\/p>\n<p>&nbsp;<\/p>\n<h2>H\u00e9bergement<\/h2>\n<p>o2switch<br \/>\n222 Boulevard Gustave Flaubert, 63000 Clermont-Ferrand<br \/>\nTel : 04 44 44 60 40<br \/>\nMail : <a href=\"mailto:commercial@o2switch.fr\">commercial@o2switch.fr<\/a><br \/>\nRCS Clermont-Ferrand 510 909 807 00024<\/p>\n<p>&nbsp;<\/p>\n<h2>Propri\u00e9t\u00e9<\/h2>\n<p>L\u2019ensemble de ce site est r\u00e9gi par la l\u00e9gislation fran\u00e7aise sur le droit d\u2019auteur et la propri\u00e9t\u00e9 intellectuelle. Le contenu du site, incluant, de fa\u00e7on non limitative, les images, graphismes, textes, vid\u00e9os, logos, et ic\u00f4nes sont la propri\u00e9t\u00e9 exclusive de la f\u00e9d\u00e9ration syndicale CFTC-CSFV \u00e0 l\u2019exception des marques, logos ou contenus appartenant \u00e0 d\u2019autres soci\u00e9t\u00e9s partenaires ou auteurs.<\/p>\n<p>La reproduction, la repr\u00e9sentation, le transfert, la distribution, ou l\u2019enregistrement de tout ou partie de ces \u00e9l\u00e9ments est formellement interdite sans l\u2019autorisation expresse de la f\u00e9d\u00e9ration syndicale CFTC-CSFV.<\/p>\n<p>&nbsp;<\/p>\n<h2>Cookies<\/h2>\n<p>Afin d\u2019am\u00e9liorer et de personnaliser la navigation, des cookies peuvent \u00eatre d\u00e9pos\u00e9s sur votre ordinateur. Vous pouvez choisir de refuser ces cookies en param\u00e9trant votre navigateur. Pour en savoir plus sur le fonctionnement des cookies, nous vous invitons \u00e0 lire cette page sur le site de la CNIL : https:\/\/www.cnil.fr\/fr\/site-web-cookies-et-autres-traceurs<\/p>\n<p>&nbsp;<\/p>\n<h2>Responsabilit\u00e9<\/h2>\n<p>Le site de la CFTC-Eram comporte des informations mises \u00e0 disposition par des personnes physiques et\/ou morales externes ou encore des liens hypertextes vers d\u2019autres sites Internet ou blogs qui n\u2019ont pas \u00e9t\u00e9 d\u00e9velopp\u00e9s par la f\u00e9d\u00e9ration syndicale CFTC-CSFV. Le contenu mis \u00e0 disposition sur le site de la CFTC-Eram est fourni \u00e0 titre informatif. L\u2019existence d\u2019un lien de ce site vers un autre site Internet ne constitue pas une validation de ce site Internet ou de son contenu. Il appartient \u00e0 l\u2019internaute d\u2019utiliser ces informations avec discernement et esprit critique. La responsabilit\u00e9 de la CFTC-Eram ne saurait \u00eatre engag\u00e9e du fait des informations, des opinions et des recommandations formul\u00e9es par des tiers.<\/p>\n<p>L\u2019utilisation du site se fait \u00e0 vos propres risques. Bien que la CFTC-Eram s\u2019efforce d\u2019assurer au mieux l\u2019exactitude des informations diffus\u00e9es, la CFTC-Eram ne peut garantir l\u2019exactitude, la v\u00e9racit\u00e9 ou la compl\u00e9tude des informations post\u00e9es sur le site et\/ou \u00e0 propos des commentaires que ces informations peuvent susciter.<\/p>\n<p>Par cons\u00e9quent, la CFTC-Eram exclut toute responsabilit\u00e9 pour n\u2019importe quel pr\u00e9judice caus\u00e9 directement et\/ou indirectement, de quelque fa\u00e7on que ce soit, du fait de l\u2019utilisation du site. Notamment, la CFTC-Eram ne sera en aucun cas responsable d\u2019un quelconque pr\u00e9judice, caus\u00e9 par :<\/p>\n<ul>\n<li>Des faits et actions des tiers ;<\/li>\n<li>l\u2019impossibilit\u00e9 d\u2019utiliser le site ;<\/li>\n<li>l\u2019utilisation irr\u00e9guli\u00e8re du site et\/ou des syst\u00e8mes informatiques de la CFTC-Eram par un tiers.<\/li>\n<\/ul>\n","protected":false},"excerpt":{"rendered":"<p>\u00c9diteur du site, conception et r\u00e9alisation F\u00e9d\u00e9ration CFTC-CSFV 34 quai de la Loire, 75019 Paris Tel : 01 46 07 91 39 Mail : contact@csfv.fr Responsable de la r\u00e9daction : Service communication &nbsp; H\u00e9bergement o2switch 222 Boulevard Gustave Flaubert, 63000 Clermont-Ferrand Tel : 04 44 44 60 40 Mail : commercial@o2switch.fr RCS Clermont-Ferrand 510 909 &#8230; <a title=\"Mentions l\u00e9gales\" class=\"read-more\" href=\"https:\/\/www.cftc-eram.fr\/index.php\/mentions-legales\/\" aria-label=\"En savoir plus sur Mentions l\u00e9gales\">Lire plus<\/a><\/p>\n","protected":false},"author":1,"featured_media":0,"parent":0,"menu_order":0,"comment_status":"closed","ping_status":"closed","template":"","meta":{"generate_page_header":"","footnotes":""},"class_list":["post-189","page","type-page","status-publish"],"yoast_head":"<!-- This site is optimized with the Yoast SEO plugin v27.4 - https:\/\/yoast.com\/product\/yoast-seo-wordpress\/ -->\n<title>Mentions l\u00e9gales - CFTC Eram<\/title>\n<meta name=\"robots\" content=\"index, follow, max-snippet:-1, max-image-preview:large, max-video-preview:-1\" \/>\n<link rel=\"canonical\" href=\"https:\/\/www.cftc-eram.fr\/index.php\/mentions-legales\/\" \/>\n<meta property=\"og:locale\" content=\"fr_FR\" \/>\n<meta property=\"og:type\" content=\"article\" \/>\n<meta property=\"og:title\" content=\"Mentions l\u00e9gales - CFTC Eram\" \/>\n<meta property=\"og:description\" content=\"\u00c9diteur du site, conception et r\u00e9alisation F\u00e9d\u00e9ration CFTC-CSFV 34 quai de la Loire, 75019 Paris Tel : 01 46 07 91 39 Mail : contact@csfv.fr Responsable de la r\u00e9daction : Service communication &nbsp; H\u00e9bergement o2switch 222 Boulevard Gustave Flaubert, 63000 Clermont-Ferrand Tel : 04 44 44 60 40 Mail : commercial@o2switch.fr RCS Clermont-Ferrand 510 909 ... Lire plus\" \/>\n<meta property=\"og:url\" content=\"https:\/\/www.cftc-eram.fr\/index.php\/mentions-legales\/\" \/>\n<meta property=\"og:site_name\" content=\"CFTC Eram\" \/>\n<meta property=\"article:modified_time\" content=\"2020-09-09T10:19:54+00:00\" \/>\n<meta name=\"twitter:card\" content=\"summary_large_image\" \/>\n<meta name=\"twitter:label1\" content=\"Dur\u00e9e de lecture estim\u00e9e\" \/>\n\t<meta name=\"twitter:data1\" content=\"2 minutes\" \/>\n<script type=\"application\/ld+json\" class=\"yoast-schema-graph\">{\"@context\":\"https:\\\/\\\/schema.org\",\"@graph\":[{\"@type\":\"WebPage\",\"@id\":\"https:\\\/\\\/www.cftc-eram.fr\\\/index.php\\\/mentions-legales\\\/\",\"url\":\"https:\\\/\\\/www.cftc-eram.fr\\\/index.php\\\/mentions-legales\\\/\",\"name\":\"Mentions l\u00e9gales - CFTC Eram\",\"isPartOf\":{\"@id\":\"https:\\\/\\\/www.cftc-eram.fr\\\/#website\"},\"datePublished\":\"2018-07-11T10:45:00+00:00\",\"dateModified\":\"2020-09-09T10:19:54+00:00\",\"breadcrumb\":{\"@id\":\"https:\\\/\\\/www.cftc-eram.fr\\\/index.php\\\/mentions-legales\\\/#breadcrumb\"},\"inLanguage\":\"fr-FR\",\"potentialAction\":[{\"@type\":\"ReadAction\",\"target\":[\"https:\\\/\\\/www.cftc-eram.fr\\\/index.php\\\/mentions-legales\\\/\"]}]},{\"@type\":\"BreadcrumbList\",\"@id\":\"https:\\\/\\\/www.cftc-eram.fr\\\/index.php\\\/mentions-legales\\\/#breadcrumb\",\"itemListElement\":[{\"@type\":\"ListItem\",\"position\":1,\"name\":\"Accueil\",\"item\":\"https:\\\/\\\/www.cftc-eram.fr\\\/\"},{\"@type\":\"ListItem\",\"position\":2,\"name\":\"Mentions l\u00e9gales\"}]},{\"@type\":\"WebSite\",\"@id\":\"https:\\\/\\\/www.cftc-eram.fr\\\/#website\",\"url\":\"https:\\\/\\\/www.cftc-eram.fr\\\/\",\"name\":\"CFTC Eram\",\"description\":\"Le site de la section syndicale CFTC chez Eram\",\"publisher\":{\"@id\":\"https:\\\/\\\/www.cftc-eram.fr\\\/#organization\"},\"potentialAction\":[{\"@type\":\"SearchAction\",\"target\":{\"@type\":\"EntryPoint\",\"urlTemplate\":\"https:\\\/\\\/www.cftc-eram.fr\\\/?s={search_term_string}\"},\"query-input\":{\"@type\":\"PropertyValueSpecification\",\"valueRequired\":true,\"valueName\":\"search_term_string\"}}],\"inLanguage\":\"fr-FR\"},{\"@type\":\"Organization\",\"@id\":\"https:\\\/\\\/www.cftc-eram.fr\\\/#organization\",\"name\":\"CFTC Eram\",\"url\":\"https:\\\/\\\/www.cftc-eram.fr\\\/\",\"logo\":{\"@type\":\"ImageObject\",\"inLanguage\":\"fr-FR\",\"@id\":\"https:\\\/\\\/www.cftc-eram.fr\\\/#\\\/schema\\\/logo\\\/image\\\/\",\"url\":\"https:\\\/\\\/i0.wp.com\\\/www.cftc-eram.fr\\\/wp-content\\\/uploads\\\/2018\\\/07\\\/cropped-Bloc-logo-eram-2018-1.png?fit=900%2C228&ssl=1\",\"contentUrl\":\"https:\\\/\\\/i0.wp.com\\\/www.cftc-eram.fr\\\/wp-content\\\/uploads\\\/2018\\\/07\\\/cropped-Bloc-logo-eram-2018-1.png?fit=900%2C228&ssl=1\",\"width\":900,\"height\":228,\"caption\":\"CFTC Eram\"},\"image\":{\"@id\":\"https:\\\/\\\/www.cftc-eram.fr\\\/#\\\/schema\\\/logo\\\/image\\\/\"}}]}<\/script>\n<!-- \/ Yoast SEO plugin. -->","yoast_head_json":{"title":"Mentions l\u00e9gales - CFTC Eram","robots":{"index":"index","follow":"follow","max-snippet":"max-snippet:-1","max-image-preview":"max-image-preview:large","max-video-preview":"max-video-preview:-1"},"canonical":"https:\/\/www.cftc-eram.fr\/index.php\/mentions-legales\/","og_locale":"fr_FR","og_type":"article","og_title":"Mentions l\u00e9gales - CFTC Eram","og_description":"\u00c9diteur du site, conception et r\u00e9alisation F\u00e9d\u00e9ration CFTC-CSFV 34 quai de la Loire, 75019 Paris Tel : 01 46 07 91 39 Mail : contact@csfv.fr Responsable de la r\u00e9daction : Service communication &nbsp; H\u00e9bergement o2switch 222 Boulevard Gustave Flaubert, 63000 Clermont-Ferrand Tel : 04 44 44 60 40 Mail : commercial@o2switch.fr RCS Clermont-Ferrand 510 909 ... Lire plus","og_url":"https:\/\/www.cftc-eram.fr\/index.php\/mentions-legales\/","og_site_name":"CFTC Eram","article_modified_time":"2020-09-09T10:19:54+00:00","twitter_card":"summary_large_image","twitter_misc":{"Dur\u00e9e de lecture estim\u00e9e":"2 minutes"},"schema":{"@context":"https:\/\/schema.org","@graph":[{"@type":"WebPage","@id":"https:\/\/www.cftc-eram.fr\/index.php\/mentions-legales\/","url":"https:\/\/www.cftc-eram.fr\/index.php\/mentions-legales\/","name":"Mentions l\u00e9gales - CFTC Eram","isPartOf":{"@id":"https:\/\/www.cftc-eram.fr\/#website"},"datePublished":"2018-07-11T10:45:00+00:00","dateModified":"2020-09-09T10:19:54+00:00","breadcrumb":{"@id":"https:\/\/www.cftc-eram.fr\/index.php\/mentions-legales\/#breadcrumb"},"inLanguage":"fr-FR","potentialAction":[{"@type":"ReadAction","target":["https:\/\/www.cftc-eram.fr\/index.php\/mentions-legales\/"]}]},{"@type":"BreadcrumbList","@id":"https:\/\/www.cftc-eram.fr\/index.php\/mentions-legales\/#breadcrumb","itemListElement":[{"@type":"ListItem","position":1,"name":"Accueil","item":"https:\/\/www.cftc-eram.fr\/"},{"@type":"ListItem","position":2,"name":"Mentions l\u00e9gales"}]},{"@type":"WebSite","@id":"https:\/\/www.cftc-eram.fr\/#website","url":"https:\/\/www.cftc-eram.fr\/","name":"CFTC Eram","description":"Le site de la section syndicale CFTC chez Eram","publisher":{"@id":"https:\/\/www.cftc-eram.fr\/#organization"},"potentialAction":[{"@type":"SearchAction","target":{"@type":"EntryPoint","urlTemplate":"https:\/\/www.cftc-eram.fr\/?s={search_term_string}"},"query-input":{"@type":"PropertyValueSpecification","valueRequired":true,"valueName":"search_term_string"}}],"inLanguage":"fr-FR"},{"@type":"Organization","@id":"https:\/\/www.cftc-eram.fr\/#organization","name":"CFTC Eram","url":"https:\/\/www.cftc-eram.fr\/","logo":{"@type":"ImageObject","inLanguage":"fr-FR","@id":"https:\/\/www.cftc-eram.fr\/#\/schema\/logo\/image\/","url":"https:\/\/i0.wp.com\/www.cftc-eram.fr\/wp-content\/uploads\/2018\/07\/cropped-Bloc-logo-eram-2018-1.png?fit=900%2C228&ssl=1","contentUrl":"https:\/\/i0.wp.com\/www.cftc-eram.fr\/wp-content\/uploads\/2018\/07\/cropped-Bloc-logo-eram-2018-1.png?fit=900%2C228&ssl=1","width":900,"height":228,"caption":"CFTC Eram"},"image":{"@id":"https:\/\/www.cftc-eram.fr\/#\/schema\/logo\/image\/"}}]}},"jetpack_sharing_enabled":true,"jetpack_shortlink":"https:\/\/wp.me\/Pa5NUa-33","jetpack-related-posts":[],"_links":{"self":[{"href":"https:\/\/www.cftc-eram.fr\/index.php\/wp-json\/wp\/v2\/pages\/189","targetHints":{"allow":["GET"]}}],"collection":[{"href":"https:\/\/www.cftc-eram.fr\/index.php\/wp-json\/wp\/v2\/pages"}],"about":[{"href":"https:\/\/www.cftc-eram.fr\/index.php\/wp-json\/wp\/v2\/types\/page"}],"author":[{"embeddable":true,"href":"https:\/\/www.cftc-eram.fr\/index.php\/wp-json\/wp\/v2\/users\/1"}],"replies":[{"embeddable":true,"href":"https:\/\/www.cftc-eram.fr\/index.php\/wp-json\/wp\/v2\/comments?post=189"}],"version-history":[{"count":3,"href":"https:\/\/www.cftc-eram.fr\/index.php\/wp-json\/wp\/v2\/pages\/189\/revisions"}],"predecessor-version":[{"id":440,"href":"https:\/\/www.cftc-eram.fr\/index.php\/wp-json\/wp\/v2\/pages\/189\/revisions\/440"}],"wp:attachment":[{"href":"https:\/\/www.cftc-eram.fr\/index.php\/wp-json\/wp\/v2\/media?parent=189"}],"curies":[{"name":"wp","href":"https:\/\/api.w.org\/{rel}","templated":true}]}}