{"id":18,"date":"2016-05-25T14:49:42","date_gmt":"2016-05-25T13:49:42","guid":{"rendered":"https:\/\/cftc-eram.fr\/?page_id=18"},"modified":"2025-08-26T13:44:29","modified_gmt":"2025-08-26T12:44:29","slug":"communication-syndicale","status":"publish","type":"page","link":"https:\/\/www.cftc-eram.fr\/index.php\/communication-syndicale\/","title":{"rendered":"Communication syndicale"},"content":{"rendered":"<p>Vous retrouverez dans cette rubrique l&rsquo;ensemble des tracts et documents d&rsquo;information r\u00e9alis\u00e9s par la section CFTC.<\/p>\n\n<!-- G\u00e9n\u00e9ration r\u00e9alis\u00e9e avec Document Gallery. Obtenez votre version ici :http:\/\/wordpress.org\/extend\/plugins\/document-gallery -->\n<div id=\"document-gallery-1\" class=\"document-gallery\" data-shortcode='{\"id\":18,\"include\":\"477\",\"exclude\":\"\",\"columns\":3,\"fancy\":true,\"order\":\"ASC\",\"orderby\":\"post__in\",\"relation\":\"AND\",\"limit\":-1,\"mime_types\":\"application,video,text,audio,image\",\"new_window\":true,\"paginate\":true,\"post_status\":\"any\",\"post_type\":\"attachment\",\"attachment_pg\":false,\"descriptions\":false,\"skip\":0}' style='--dg-icon-width: 32%'>\n<div class='document-icon-row'>\n   <div class=\"document-icon\">\n      <a href=\"https:\/\/www.cftc-eram.fr\/wp-content\/uploads\/2021\/10\/tract-prevoyance.pdf\" target=\"_blank\">\n         <img data-recalc-dims=\"1\" decoding=\"async\" src=\"https:\/\/i0.wp.com\/www.cftc-eram.fr\/wp-content\/uploads\/2021\/10\/tract-prevoyance-thumb.png?w=1200&#038;ssl=1\" title=\"Pr\u00e9voyance\" alt=\"Pr\u00e9voyance\" data-ext=\"pdf\"\/>\n         <span class=\"title\">Pr\u00e9voyance<\/span>\n      <\/a>\n   <\/div>\n\n<\/div>\n<\/div>\n","protected":false},"excerpt":{"rendered":"<p>Vous retrouverez dans cette rubrique l&rsquo;ensemble des tracts et documents d&rsquo;information r\u00e9alis\u00e9s par la section CFTC.<\/p>\n","protected":false},"author":1,"featured_media":0,"parent":0,"menu_order":0,"comment_status":"closed","ping_status":"closed","template":"","meta":{"generate_page_header":"","footnotes":""},"class_list":["post-18","page","type-page","status-publish"],"yoast_head":"<!-- This site is optimized with the Yoast SEO plugin v27.4 - https:\/\/yoast.com\/product\/yoast-seo-wordpress\/ -->\n<title>Communication syndicale - CFTC Eram<\/title>\n<meta name=\"robots\" content=\"index, follow, max-snippet:-1, max-image-preview:large, max-video-preview:-1\" \/>\n<link rel=\"canonical\" href=\"https:\/\/www.cftc-eram.fr\/index.php\/communication-syndicale\/\" \/>\n<meta property=\"og:locale\" content=\"fr_FR\" \/>\n<meta property=\"og:type\" content=\"article\" \/>\n<meta property=\"og:title\" content=\"Communication syndicale - CFTC Eram\" \/>\n<meta property=\"og:description\" content=\"Vous retrouverez dans cette rubrique l&rsquo;ensemble des tracts et documents d&rsquo;information r\u00e9alis\u00e9s par la section CFTC.\" \/>\n<meta property=\"og:url\" content=\"https:\/\/www.cftc-eram.fr\/index.php\/communication-syndicale\/\" \/>\n<meta property=\"og:site_name\" content=\"CFTC Eram\" \/>\n<meta property=\"article:modified_time\" content=\"2025-08-26T12:44:29+00:00\" \/>\n<meta name=\"twitter:card\" content=\"summary_large_image\" \/>\n<meta name=\"twitter:label1\" content=\"Dur\u00e9e de lecture estim\u00e9e\" \/>\n\t<meta name=\"twitter:data1\" content=\"1 minute\" \/>\n<script type=\"application\/ld+json\" class=\"yoast-schema-graph\">{\"@context\":\"https:\\\/\\\/schema.org\",\"@graph\":[{\"@type\":\"WebPage\",\"@id\":\"https:\\\/\\\/www.cftc-eram.fr\\\/index.php\\\/communication-syndicale\\\/\",\"url\":\"https:\\\/\\\/www.cftc-eram.fr\\\/index.php\\\/communication-syndicale\\\/\",\"name\":\"Communication syndicale - CFTC Eram\",\"isPartOf\":{\"@id\":\"https:\\\/\\\/www.cftc-eram.fr\\\/#website\"},\"datePublished\":\"2016-05-25T13:49:42+00:00\",\"dateModified\":\"2025-08-26T12:44:29+00:00\",\"breadcrumb\":{\"@id\":\"https:\\\/\\\/www.cftc-eram.fr\\\/index.php\\\/communication-syndicale\\\/#breadcrumb\"},\"inLanguage\":\"fr-FR\",\"potentialAction\":[{\"@type\":\"ReadAction\",\"target\":[\"https:\\\/\\\/www.cftc-eram.fr\\\/index.php\\\/communication-syndicale\\\/\"]}]},{\"@type\":\"BreadcrumbList\",\"@id\":\"https:\\\/\\\/www.cftc-eram.fr\\\/index.php\\\/communication-syndicale\\\/#breadcrumb\",\"itemListElement\":[{\"@type\":\"ListItem\",\"position\":1,\"name\":\"Accueil\",\"item\":\"https:\\\/\\\/www.cftc-eram.fr\\\/\"},{\"@type\":\"ListItem\",\"position\":2,\"name\":\"Communication syndicale\"}]},{\"@type\":\"WebSite\",\"@id\":\"https:\\\/\\\/www.cftc-eram.fr\\\/#website\",\"url\":\"https:\\\/\\\/www.cftc-eram.fr\\\/\",\"name\":\"CFTC Eram\",\"description\":\"Le site de la section syndicale CFTC chez Eram\",\"publisher\":{\"@id\":\"https:\\\/\\\/www.cftc-eram.fr\\\/#organization\"},\"potentialAction\":[{\"@type\":\"SearchAction\",\"target\":{\"@type\":\"EntryPoint\",\"urlTemplate\":\"https:\\\/\\\/www.cftc-eram.fr\\\/?s={search_term_string}\"},\"query-input\":{\"@type\":\"PropertyValueSpecification\",\"valueRequired\":true,\"valueName\":\"search_term_string\"}}],\"inLanguage\":\"fr-FR\"},{\"@type\":\"Organization\",\"@id\":\"https:\\\/\\\/www.cftc-eram.fr\\\/#organization\",\"name\":\"CFTC Eram\",\"url\":\"https:\\\/\\\/www.cftc-eram.fr\\\/\",\"logo\":{\"@type\":\"ImageObject\",\"inLanguage\":\"fr-FR\",\"@id\":\"https:\\\/\\\/www.cftc-eram.fr\\\/#\\\/schema\\\/logo\\\/image\\\/\",\"url\":\"https:\\\/\\\/i0.wp.com\\\/www.cftc-eram.fr\\\/wp-content\\\/uploads\\\/2018\\\/07\\\/cropped-Bloc-logo-eram-2018-1.png?fit=900%2C228&ssl=1\",\"contentUrl\":\"https:\\\/\\\/i0.wp.com\\\/www.cftc-eram.fr\\\/wp-content\\\/uploads\\\/2018\\\/07\\\/cropped-Bloc-logo-eram-2018-1.png?fit=900%2C228&ssl=1\",\"width\":900,\"height\":228,\"caption\":\"CFTC Eram\"},\"image\":{\"@id\":\"https:\\\/\\\/www.cftc-eram.fr\\\/#\\\/schema\\\/logo\\\/image\\\/\"}}]}<\/script>\n<!-- \/ Yoast SEO plugin. -->","yoast_head_json":{"title":"Communication syndicale - CFTC Eram","robots":{"index":"index","follow":"follow","max-snippet":"max-snippet:-1","max-image-preview":"max-image-preview:large","max-video-preview":"max-video-preview:-1"},"canonical":"https:\/\/www.cftc-eram.fr\/index.php\/communication-syndicale\/","og_locale":"fr_FR","og_type":"article","og_title":"Communication syndicale - CFTC Eram","og_description":"Vous retrouverez dans cette rubrique l&rsquo;ensemble des tracts et documents d&rsquo;information r\u00e9alis\u00e9s par la section CFTC.","og_url":"https:\/\/www.cftc-eram.fr\/index.php\/communication-syndicale\/","og_site_name":"CFTC Eram","article_modified_time":"2025-08-26T12:44:29+00:00","twitter_card":"summary_large_image","twitter_misc":{"Dur\u00e9e de lecture estim\u00e9e":"1 minute"},"schema":{"@context":"https:\/\/schema.org","@graph":[{"@type":"WebPage","@id":"https:\/\/www.cftc-eram.fr\/index.php\/communication-syndicale\/","url":"https:\/\/www.cftc-eram.fr\/index.php\/communication-syndicale\/","name":"Communication syndicale - CFTC Eram","isPartOf":{"@id":"https:\/\/www.cftc-eram.fr\/#website"},"datePublished":"2016-05-25T13:49:42+00:00","dateModified":"2025-08-26T12:44:29+00:00","breadcrumb":{"@id":"https:\/\/www.cftc-eram.fr\/index.php\/communication-syndicale\/#breadcrumb"},"inLanguage":"fr-FR","potentialAction":[{"@type":"ReadAction","target":["https:\/\/www.cftc-eram.fr\/index.php\/communication-syndicale\/"]}]},{"@type":"BreadcrumbList","@id":"https:\/\/www.cftc-eram.fr\/index.php\/communication-syndicale\/#breadcrumb","itemListElement":[{"@type":"ListItem","position":1,"name":"Accueil","item":"https:\/\/www.cftc-eram.fr\/"},{"@type":"ListItem","position":2,"name":"Communication syndicale"}]},{"@type":"WebSite","@id":"https:\/\/www.cftc-eram.fr\/#website","url":"https:\/\/www.cftc-eram.fr\/","name":"CFTC Eram","description":"Le site de la section syndicale CFTC chez Eram","publisher":{"@id":"https:\/\/www.cftc-eram.fr\/#organization"},"potentialAction":[{"@type":"SearchAction","target":{"@type":"EntryPoint","urlTemplate":"https:\/\/www.cftc-eram.fr\/?s={search_term_string}"},"query-input":{"@type":"PropertyValueSpecification","valueRequired":true,"valueName":"search_term_string"}}],"inLanguage":"fr-FR"},{"@type":"Organization","@id":"https:\/\/www.cftc-eram.fr\/#organization","name":"CFTC Eram","url":"https:\/\/www.cftc-eram.fr\/","logo":{"@type":"ImageObject","inLanguage":"fr-FR","@id":"https:\/\/www.cftc-eram.fr\/#\/schema\/logo\/image\/","url":"https:\/\/i0.wp.com\/www.cftc-eram.fr\/wp-content\/uploads\/2018\/07\/cropped-Bloc-logo-eram-2018-1.png?fit=900%2C228&ssl=1","contentUrl":"https:\/\/i0.wp.com\/www.cftc-eram.fr\/wp-content\/uploads\/2018\/07\/cropped-Bloc-logo-eram-2018-1.png?fit=900%2C228&ssl=1","width":900,"height":228,"caption":"CFTC Eram"},"image":{"@id":"https:\/\/www.cftc-eram.fr\/#\/schema\/logo\/image\/"}}]}},"jetpack_sharing_enabled":true,"jetpack_shortlink":"https:\/\/wp.me\/Pa5NUa-i","jetpack-related-posts":[],"_links":{"self":[{"href":"https:\/\/www.cftc-eram.fr\/index.php\/wp-json\/wp\/v2\/pages\/18","targetHints":{"allow":["GET"]}}],"collection":[{"href":"https:\/\/www.cftc-eram.fr\/index.php\/wp-json\/wp\/v2\/pages"}],"about":[{"href":"https:\/\/www.cftc-eram.fr\/index.php\/wp-json\/wp\/v2\/types\/page"}],"author":[{"embeddable":true,"href":"https:\/\/www.cftc-eram.fr\/index.php\/wp-json\/wp\/v2\/users\/1"}],"replies":[{"embeddable":true,"href":"https:\/\/www.cftc-eram.fr\/index.php\/wp-json\/wp\/v2\/comments?post=18"}],"version-history":[{"count":7,"href":"https:\/\/www.cftc-eram.fr\/index.php\/wp-json\/wp\/v2\/pages\/18\/revisions"}],"predecessor-version":[{"id":520,"href":"https:\/\/www.cftc-eram.fr\/index.php\/wp-json\/wp\/v2\/pages\/18\/revisions\/520"}],"wp:attachment":[{"href":"https:\/\/www.cftc-eram.fr\/index.php\/wp-json\/wp\/v2\/media?parent=18"}],"curies":[{"name":"wp","href":"https:\/\/api.w.org\/{rel}","templated":true}]}}